{"id":1815,"date":"2025-05-20T14:57:46","date_gmt":"2025-05-20T12:57:46","guid":{"rendered":"https:\/\/lectureetpartage.fr\/?page_id=1815"},"modified":"2025-12-11T18:14:35","modified_gmt":"2025-12-11T17:14:35","slug":"elementor-1815","status":"publish","type":"page","link":"https:\/\/lectureetpartage.fr\/index.php\/organisation-interne\/elementor-1815\/","title":{"rendered":"COMMISSIONS"},"content":{"rendered":"\t\t<div data-elementor-type=\"wp-page\" data-elementor-id=\"1815\" class=\"elementor elementor-1815\" data-elementor-post-type=\"page\">\n\t\t\t\t\t\t<section class=\"elementor-section elementor-top-section elementor-element elementor-element-223690e elementor-section-full_width elementor-section-height-default elementor-section-height-default\" data-id=\"223690e\" data-element_type=\"section\" data-e-type=\"section\">\n\t\t\t\t\t\t<div class=\"elementor-container elementor-column-gap-default\">\n\t\t\t\t\t<div class=\"elementor-column elementor-col-100 elementor-top-column elementor-element elementor-element-5550cbf\" data-id=\"5550cbf\" data-element_type=\"column\" data-e-type=\"column\">\n\t\t\t<div class=\"elementor-widget-wrap elementor-element-populated\">\n\t\t\t\t\t\t<div class=\"elementor-element elementor-element-6ca9b10 elementor-widget elementor-widget-heading\" data-id=\"6ca9b10\" data-element_type=\"widget\" data-e-type=\"widget\" data-widget_type=\"heading.default\">\n\t\t\t\t<div class=\"elementor-widget-container\">\n\t\t\t\t\t<h2 class=\"elementor-heading-title elementor-size-default\">La vie de l'association<\/h2>\t\t\t\t<\/div>\n\t\t\t\t<\/div>\n\t\t\t\t\t<\/div>\n\t\t<\/div>\n\t\t\t\t\t<\/div>\n\t\t<\/section>\n\t\t\t\t<section class=\"elementor-section elementor-top-section elementor-element elementor-element-b81937a elementor-section-boxed elementor-section-height-default elementor-section-height-default\" data-id=\"b81937a\" data-element_type=\"section\" data-e-type=\"section\">\n\t\t\t\t\t\t<div class=\"elementor-container elementor-column-gap-default\">\n\t\t\t\t\t<div class=\"elementor-column elementor-col-100 elementor-top-column elementor-element elementor-element-214b313\" data-id=\"214b313\" data-element_type=\"column\" data-e-type=\"column\">\n\t\t\t<div class=\"elementor-widget-wrap elementor-element-populated\">\n\t\t\t\t\t\t<div class=\"elementor-element elementor-element-2cb4098 elementor-widget elementor-widget-heading\" data-id=\"2cb4098\" data-element_type=\"widget\" data-e-type=\"widget\" data-widget_type=\"heading.default\">\n\t\t\t\t<div class=\"elementor-widget-container\">\n\t\t\t\t\t<h2 class=\"elementor-heading-title elementor-size-default\">COMMISSIONS<\/h2>\t\t\t\t<\/div>\n\t\t\t\t<\/div>\n\t\t\t\t\t<\/div>\n\t\t<\/div>\n\t\t\t\t\t<\/div>\n\t\t<\/section>\n\t\t\t\t<section class=\"elementor-section elementor-top-section elementor-element elementor-element-7257857 elementor-section-boxed elementor-section-height-default elementor-section-height-default\" data-id=\"7257857\" data-element_type=\"section\" data-e-type=\"section\">\n\t\t\t\t\t\t<div class=\"elementor-container elementor-column-gap-default\">\n\t\t\t\t\t<div class=\"elementor-column elementor-col-100 elementor-top-column elementor-element elementor-element-9a51be3\" data-id=\"9a51be3\" data-element_type=\"column\" data-e-type=\"column\">\n\t\t\t<div class=\"elementor-widget-wrap elementor-element-populated\">\n\t\t\t\t\t\t<div class=\"elementor-element elementor-element-c747b01 elementor-widget elementor-widget-text-editor\" data-id=\"c747b01\" data-element_type=\"widget\" data-e-type=\"widget\" data-widget_type=\"text-editor.default\">\n\t\t\t\t<div class=\"elementor-widget-container\">\n\t\t\t\t\t\t\t\t\t<p>Chaque commission se r\u00e9unit p\u00e9riodiquement et mettra prochainement \u00e0 disposition les informations qu&rsquo;elle juge pertinente<em> (en cours de construction)<\/em><\/p><ul><li><span style=\"text-decoration: underline;\"><a href=\"https:\/\/lectureetpartage.fr\/index.php\/organisation-interne\/elementor-1815\/elementor-1830\/\">Accueil<\/a><\/span><\/li><li><span style=\"text-decoration: underline;\"><a href=\"https:\/\/lectureetpartage.fr\/index.php\/organisation-interne\/elementor-1815\/elementor-1836\/\">Communication<\/a><\/span><\/li><li><span style=\"text-decoration: underline;\"><a href=\"https:\/\/lectureetpartage.fr\/index.php\/organisation-interne\/elementor-1815\/ehpad\/\">EHPAD<\/a><\/span><\/li><li><span style=\"text-decoration: underline;\"><a href=\"https:\/\/lectureetpartage.fr\/index.php\/organisation-interne\/elementor-1815\/enfants\/\">Enfants<\/a><\/span><\/li><li><span style=\"text-decoration: underline;\"><a href=\"https:\/\/lectureetpartage.fr\/index.php\/organisation-interne\/elementor-1815\/elementor-1821\/\">Finance<\/a>s<\/span><\/li><li><span style=\"text-decoration: underline;\"><a href=\"https:\/\/lectureetpartage.fr\/index.php\/lassociation\/adultes\/elementor-1791\/\">FLE<\/a><\/span><\/li><li><a href=\"https:\/\/lectureetpartage.fr\/index.php\/organisation-interne\/elementor-1815\/formations\/\"><span style=\"text-decoration: underline;\">Formations<\/span><\/a><\/li><li><span style=\"text-decoration: underline;\"><a href=\"https:\/\/lectureetpartage.fr\/index.php\/organisation-interne\/elementor-1815\/elementor-1842\/\">Livres<\/a><\/span><\/li><\/ul>\t\t\t\t\t\t\t\t<\/div>\n\t\t\t\t<\/div>\n\t\t\t\t\t<\/div>\n\t\t<\/div>\n\t\t\t\t\t<\/div>\n\t\t<\/section>\n\t\t\t\t<\/div>\n\t\t","protected":false},"excerpt":{"rendered":"<p>La vie de l&rsquo;association COMMISSIONS Chaque commission se r\u00e9unit p\u00e9riodiquement et mettra prochainement \u00e0 disposition les informations qu&rsquo;elle juge pertinente (en cours de construction) Accueil Communication EHPAD Enfants Finances FLE Formations Livres<\/p>\n","protected":false},"author":1011,"featured_media":0,"parent":1802,"menu_order":0,"comment_status":"closed","ping_status":"closed","template":"","meta":{"_kadence_starter_templates_imported_post":false,"_kad_post_transparent":"","_kad_post_title":"hide","_kad_post_layout":"fullwidth","_kad_post_sidebar_id":"","_kad_post_content_style":"unboxed","_kad_post_vertical_padding":"hide","_kad_post_feature":"hide","_kad_post_feature_position":"","_kad_post_header":false,"_kad_post_footer":false,"_kad_post_classname":"","footnotes":""},"class_list":["post-1815","page","type-page","status-publish","hentry"],"_links":{"self":[{"href":"https:\/\/lectureetpartage.fr\/index.php\/wp-json\/wp\/v2\/pages\/1815","targetHints":{"allow":["GET"]}}],"collection":[{"href":"https:\/\/lectureetpartage.fr\/index.php\/wp-json\/wp\/v2\/pages"}],"about":[{"href":"https:\/\/lectureetpartage.fr\/index.php\/wp-json\/wp\/v2\/types\/page"}],"author":[{"embeddable":true,"href":"https:\/\/lectureetpartage.fr\/index.php\/wp-json\/wp\/v2\/users\/1011"}],"replies":[{"embeddable":true,"href":"https:\/\/lectureetpartage.fr\/index.php\/wp-json\/wp\/v2\/comments?post=1815"}],"version-history":[{"count":14,"href":"https:\/\/lectureetpartage.fr\/index.php\/wp-json\/wp\/v2\/pages\/1815\/revisions"}],"predecessor-version":[{"id":3024,"href":"https:\/\/lectureetpartage.fr\/index.php\/wp-json\/wp\/v2\/pages\/1815\/revisions\/3024"}],"up":[{"embeddable":true,"href":"https:\/\/lectureetpartage.fr\/index.php\/wp-json\/wp\/v2\/pages\/1802"}],"wp:attachment":[{"href":"https:\/\/lectureetpartage.fr\/index.php\/wp-json\/wp\/v2\/media?parent=1815"}],"curies":[{"name":"wp","href":"https:\/\/api.w.org\/{rel}","templated":true}]}}